{"id":197,"date":"2025-05-12T11:44:05","date_gmt":"2025-05-12T09:44:05","guid":{"rendered":"https:\/\/sg-blau-gold.de\/wordpress\/?page_id=197"},"modified":"2025-08-06T11:30:58","modified_gmt":"2025-08-06T09:30:58","slug":"ueber-uns","status":"publish","type":"page","link":"https:\/\/sg-blau-gold.de\/en\/ueber-uns\/","title":{"rendered":"About us"},"content":{"rendered":"<div  class='flex_column av-13xqn1-79399b7abe278aa0cf111655686bb975 av_one_full  avia-builder-el-0  el_before_av_hr  avia-builder-el-first  first flex_column_div'     ><section  class='av_textblock_section av-mal5dap9-079bdb6b8a6531ef4098623a923076b4'   itemscope=\"itemscope\" itemtype=\"https:\/\/schema.org\/CreativeWork\" ><div class='avia_textblock'  itemprop=\"text\" ><h1>About us<\/h1>\n<\/div><\/section><\/div>\n<div  class='hr av-ynaxh-a27da6dddd3e6dcd076fd83272251f69 hr-default  avia-builder-el-2  el_after_av_one_full  el_before_av_one_full'><span class='hr-inner'><span class=\"hr-inner-style\"><\/span><\/span><\/div>\n<div  class='flex_column av-toahh-43d2b6f795aada2f5ae834294624fb29 av_one_full  avia-builder-el-3  el_after_av_hr  el_before_av_one_full  first flex_column_div'     ><section  class='av_textblock_section av-mal5f766-15761bb83196a7f4038bde1d83e2cd02'   itemscope=\"itemscope\" itemtype=\"https:\/\/schema.org\/CreativeWork\" ><div class='avia_textblock'  itemprop=\"text\" ><p>In der Men\u00fc-Navigation findest du die Links zu allen wichtigen Seiten der Abteilungen und dem Verein.<\/p>\n<p>Da wir einige Fragen immer wieder beantworten, haben wir eine kleine Sammlung der h\u00e4ufigsten Fragen und unseren Antworten erstellt.<\/p>\n<\/div><\/section><\/div>\n<div  class='flex_column av-mirnh-b4686c80afb98f8fc63d64a94b06eee9 av_one_full  avia-builder-el-5  el_after_av_one_full  avia-builder-el-last  first flex_column_div  column-top-margin'     ><section  class='av_textblock_section av-mal5gc52-06dd4962869a3829989b4aeb8e8b9d8f'   itemscope=\"itemscope\" itemtype=\"https:\/\/schema.org\/CreativeWork\" ><div class='avia_textblock'  itemprop=\"text\" ><h2>Zum Verein: H\u00e4ufige Fragen und Antworten<\/h2>\n<\/div><\/section><br \/>\n<div  class='togglecontainer av-mal5gsqr-1909433ffdf52f158cc634d218863bd0 av-elegant-toggle  avia-builder-el-7  el_after_av_textblock  avia-builder-el-last  toggle_close_all' >\n<section class='av_toggle_section av-djbd1-8f02738271e4afe32cb8f7b65c87e810'  itemscope=\"itemscope\" itemtype=\"https:\/\/schema.org\/CreativeWork\" ><div role=\"tablist\" class=\"single_toggle\" data-tags=\"{All} \"  ><p id='toggle-toggle-id-1' data-fake-id='#toggle-id-1' class='toggler  av-title-above'  itemprop=\"headline\"  role='tab' tabindex='0' aria-controls='toggle-id-1' data-slide-speed=\"200\" data-title=\"Wer kann Mitglied bei Blau-Gold Braunschweig werden?\" data-title-open=\"\" data-aria_collapsed=\"Click to expand: Wer kann Mitglied bei Blau-Gold Braunschweig werden?\" data-aria_expanded=\"Click to collapse: Wer kann Mitglied bei Blau-Gold Braunschweig werden?\">Wer kann Mitglied bei Blau-Gold Braunschweig werden?<span class=\"toggle_icon\"><span class=\"vert_icon\"><\/span><span class=\"hor_icon\"><\/span><\/span><\/p><div id='toggle-id-1' aria-labelledby='toggle-toggle-id-1' role='region' class='toggle_wrap  av-title-above'  ><div class='toggle_content invers-color'  itemprop=\"text\" ><p>Grunds\u00e4tzlich kann jede*r Mitglied werden \u2013 unabh\u00e4ngig von Alter, Fitnesslevel oder sportlicher Erfahrung. Wir bieten Angebote f\u00fcr Kinder, Jugendliche und Erwachsene<span class=\"Apple-converted-space\">\u00a0<\/span><\/p>\n<\/div><\/div><\/div><\/section>\n<section class='av_toggle_section av-8wo4t-6a6efd9d67eb7081722d5462243f6896'  itemscope=\"itemscope\" itemtype=\"https:\/\/schema.org\/CreativeWork\" ><div role=\"tablist\" class=\"single_toggle\" data-tags=\"{All} \"  ><p id='toggle-toggle-id-2' data-fake-id='#toggle-id-2' class='toggler  av-title-above'  itemprop=\"headline\"  role='tab' tabindex='0' aria-controls='toggle-id-2' data-slide-speed=\"200\" data-title=\"Welche Sportarten bietet der Verein an?\" data-title-open=\"\" data-aria_collapsed=\"Click to expand: Welche Sportarten bietet der Verein an?\" data-aria_expanded=\"Click to collapse: Welche Sportarten bietet der Verein an?\">Welche Sportarten bietet der Verein an?<span class=\"toggle_icon\"><span class=\"vert_icon\"><\/span><span class=\"hor_icon\"><\/span><\/span><\/p><div id='toggle-id-2' aria-labelledby='toggle-toggle-id-2' role='region' class='toggle_wrap  av-title-above'  ><div class='toggle_content invers-color'  itemprop=\"text\" ><p>Unser Verein bietet Badminton, Basketball, Gymnastik, Schwimmen, Tischtennis und Wassergymnastik an.<\/p>\n<\/div><\/div><\/div><\/section>\n<section class='av_toggle_section av-mdzpgalu-25f6b20f51befe04bd5c646d3d8f0edc'  itemscope=\"itemscope\" itemtype=\"https:\/\/schema.org\/CreativeWork\" ><div role=\"tablist\" class=\"single_toggle\" data-tags=\"{All} \"  ><p id='toggle-toggle-id-3' data-fake-id='#toggle-id-3' class='toggler  av-title-above'  itemprop=\"headline\"  role='tab' tabindex='0' aria-controls='toggle-id-3' data-slide-speed=\"200\" data-title=\"Muss ich sportlich sein, um mitzumachen?\" data-title-open=\"\" data-aria_collapsed=\"Click to expand: Muss ich sportlich sein, um mitzumachen?\" data-aria_expanded=\"Click to collapse: Muss ich sportlich sein, um mitzumachen?\">Muss ich sportlich sein, um mitzumachen?<span class=\"toggle_icon\"><span class=\"vert_icon\"><\/span><span class=\"hor_icon\"><\/span><\/span><\/p><div id='toggle-id-3' aria-labelledby='toggle-toggle-id-3' role='region' class='toggle_wrap  av-title-above'  ><div class='toggle_content invers-color'  itemprop=\"text\" ><p>Nein! Unsere Angebote richten sich an alle \u2013 vom Anf\u00e4nger bis zum Fortgeschrittenen.<\/p>\n<\/div><\/div><\/div><\/section>\n<section class='av_toggle_section av-mdzpghzk-6ee2ac2dbd244ad91f46d7b70a0246b2'  itemscope=\"itemscope\" itemtype=\"https:\/\/schema.org\/CreativeWork\" ><div role=\"tablist\" class=\"single_toggle\" data-tags=\"{All} \"  ><p id='toggle-toggle-id-4' data-fake-id='#toggle-id-4' class='toggler  av-title-above'  itemprop=\"headline\"  role='tab' tabindex='0' aria-controls='toggle-id-4' data-slide-speed=\"200\" data-title=\"Wie kann ich mich anmelden?\" data-title-open=\"\" data-aria_collapsed=\"Click to expand: Wie kann ich mich anmelden?\" data-aria_expanded=\"Click to collapse: Wie kann ich mich anmelden?\">Wie kann ich mich anmelden?<span class=\"toggle_icon\"><span class=\"vert_icon\"><\/span><span class=\"hor_icon\"><\/span><\/span><\/p><div id='toggle-id-4' aria-labelledby='toggle-toggle-id-4' role='region' class='toggle_wrap  av-title-above'  ><div class='toggle_content invers-color'  itemprop=\"text\" ><p>Die Anmeldung erfolgt entweder online oder per E-Mail.<\/p>\n<\/div><\/div><\/div><\/section>\n<section class='av_toggle_section av-mdzpgrj4-a794c13fba8be4f7082ebd3c9fce9362'  itemscope=\"itemscope\" itemtype=\"https:\/\/schema.org\/CreativeWork\" ><div role=\"tablist\" class=\"single_toggle\" data-tags=\"{All} \"  ><p id='toggle-toggle-id-5' data-fake-id='#toggle-id-5' class='toggler  av-title-above'  itemprop=\"headline\"  role='tab' tabindex='0' aria-controls='toggle-id-5' data-slide-speed=\"200\" data-title=\"Gibt es kostenloses Probetraining?\" data-title-open=\"\" data-aria_collapsed=\"Click to expand: Gibt es kostenloses Probetraining?\" data-aria_expanded=\"Click to collapse: Gibt es kostenloses Probetraining?\">Gibt es kostenloses Probetraining?<span class=\"toggle_icon\"><span class=\"vert_icon\"><\/span><span class=\"hor_icon\"><\/span><\/span><\/p><div id='toggle-id-5' aria-labelledby='toggle-toggle-id-5' role='region' class='toggle_wrap  av-title-above'  ><div class='toggle_content invers-color'  itemprop=\"text\" ><p>Ja, ein kostenloses Probetraining ist m\u00f6glich. Sprich uns gerne an oder melde dich beim jeweiligen Ansprechpartner der entsprechenden Abteilung.<\/p>\n<\/div><\/div><\/div><\/section>\n<section class='av_toggle_section av-mdzph0ch-dddbd88c4b28677284c487c4413cf860'  itemscope=\"itemscope\" itemtype=\"https:\/\/schema.org\/CreativeWork\" ><div role=\"tablist\" class=\"single_toggle\" data-tags=\"{All} \"  ><p id='toggle-toggle-id-6' data-fake-id='#toggle-id-6' class='toggler  av-title-above'  itemprop=\"headline\"  role='tab' tabindex='0' aria-controls='toggle-id-6' data-slide-speed=\"200\" data-title=\"Wie hoch ist der Mitgliedsbeitrag?\" data-title-open=\"\" data-aria_collapsed=\"Click to expand: Wie hoch ist der Mitgliedsbeitrag?\" data-aria_expanded=\"Click to collapse: Wie hoch ist der Mitgliedsbeitrag?\">Wie hoch ist der Mitgliedsbeitrag?<span class=\"toggle_icon\"><span class=\"vert_icon\"><\/span><span class=\"hor_icon\"><\/span><\/span><\/p><div id='toggle-id-6' aria-labelledby='toggle-toggle-id-6' role='region' class='toggle_wrap  av-title-above'  ><div class='toggle_content invers-color'  itemprop=\"text\" ><p>Die Beitr\u00e4ge variieren je nach Alter, Abteilung oder Familienstatus. Eine aktuelle \u00dcbersicht findest du auf unserer Website unter: \u00dcber uns\/Beitrags\u00fcbersicht.<\/p>\n<\/div><\/div><\/div><\/section>\n<section class='av_toggle_section av-mdzphb5d-8088949126193feb2cb424154fd6c5c7'  itemscope=\"itemscope\" itemtype=\"https:\/\/schema.org\/CreativeWork\" ><div role=\"tablist\" class=\"single_toggle\" data-tags=\"{All} \"  ><p id='toggle-toggle-id-7' data-fake-id='#toggle-id-7' class='toggler  av-title-above'  itemprop=\"headline\"  role='tab' tabindex='0' aria-controls='toggle-id-7' data-slide-speed=\"200\" data-title=\"Was ist, wenn ich den Verein wieder verlassen m\u00f6chte?\" data-title-open=\"\" data-aria_collapsed=\"Click to expand: Was ist, wenn ich den Verein wieder verlassen m\u00f6chte?\" data-aria_expanded=\"Click to collapse: Was ist, wenn ich den Verein wieder verlassen m\u00f6chte?\">Was ist, wenn ich den Verein wieder verlassen m\u00f6chte?<span class=\"toggle_icon\"><span class=\"vert_icon\"><\/span><span class=\"hor_icon\"><\/span><\/span><\/p><div id='toggle-id-7' aria-labelledby='toggle-toggle-id-7' role='region' class='toggle_wrap  av-title-above'  ><div class='toggle_content invers-color'  itemprop=\"text\" ><p>Eine K\u00fcndigung ist in der Regel mit einer Frist von 6 Wochen zum 30.6. und 31.12. eines Jahres m\u00f6glich. Die genauen Bestimmungen findest du<span class=\"Apple-converted-space\">\u00a0 <\/span>in unserer Satzung.<\/p>\n<\/div><\/div><\/div><\/section>\n<section class='av_toggle_section av-mdzphi3y-8b85886b63086831f2f1e31018afde92'  itemscope=\"itemscope\" itemtype=\"https:\/\/schema.org\/CreativeWork\" ><div role=\"tablist\" class=\"single_toggle\" data-tags=\"{All} \"  ><p id='toggle-toggle-id-8' data-fake-id='#toggle-id-8' class='toggler  av-title-above'  itemprop=\"headline\"  role='tab' tabindex='0' aria-controls='toggle-id-8' data-slide-speed=\"200\" data-title=\"Wer leitet das Training?\" data-title-open=\"\" data-aria_collapsed=\"Click to expand: Wer leitet das Training?\" data-aria_expanded=\"Click to collapse: Wer leitet das Training?\">Wer leitet das Training?<span class=\"toggle_icon\"><span class=\"vert_icon\"><\/span><span class=\"hor_icon\"><\/span><\/span><\/p><div id='toggle-id-8' aria-labelledby='toggle-toggle-id-8' role='region' class='toggle_wrap  av-title-above'  ><div class='toggle_content invers-color'  itemprop=\"text\" ><p>Das Training in unseren Abteilungen wird von qualifizierten Trainern und \u00dcbungsleitern geleitet \u2013 viele verf\u00fcgen \u00fcber Lizenzen oder Fortbildungen.<\/p>\n<\/div><\/div><\/div><\/section>\n<section class='av_toggle_section av-mdzphw3y-bc6691605d1c836daa9d3cf2b9404f3a'  itemscope=\"itemscope\" itemtype=\"https:\/\/schema.org\/CreativeWork\" ><div role=\"tablist\" class=\"single_toggle\" data-tags=\"{All} \"  ><p id='toggle-toggle-id-9' data-fake-id='#toggle-id-9' class='toggler  av-title-above'  itemprop=\"headline\"  role='tab' tabindex='0' aria-controls='toggle-id-9' data-slide-speed=\"200\" data-title=\"Wie kann ich den Verein unterst\u00fctzen?\" data-title-open=\"\" data-aria_collapsed=\"Click to expand: Wie kann ich den Verein unterst\u00fctzen?\" data-aria_expanded=\"Click to collapse: Wie kann ich den Verein unterst\u00fctzen?\">Wie kann ich den Verein unterst\u00fctzen?<span class=\"toggle_icon\"><span class=\"vert_icon\"><\/span><span class=\"hor_icon\"><\/span><\/span><\/p><div id='toggle-id-9' aria-labelledby='toggle-toggle-id-9' role='region' class='toggle_wrap  av-title-above'  ><div class='toggle_content invers-color'  itemprop=\"text\" ><p>Neben einer Mitgliedschaft freuen wir uns auch \u00fcber ehrenamtliches Engagement, Spenden oder Sponsoring. Sprich uns einfach an \u2013 wir finden eine passende M\u00f6glichkeit.<\/p>\n<\/div><\/div><\/div><\/section>\n<\/div><\/p><\/div>","protected":false},"excerpt":{"rendered":"","protected":false},"author":1,"featured_media":0,"parent":0,"menu_order":0,"comment_status":"closed","ping_status":"closed","template":"","meta":{"footnotes":""},"class_list":["post-197","page","type-page","status-publish","hentry"],"_links":{"self":[{"href":"https:\/\/sg-blau-gold.de\/en\/wp-json\/wp\/v2\/pages\/197","targetHints":{"allow":["GET"]}}],"collection":[{"href":"https:\/\/sg-blau-gold.de\/en\/wp-json\/wp\/v2\/pages"}],"about":[{"href":"https:\/\/sg-blau-gold.de\/en\/wp-json\/wp\/v2\/types\/page"}],"author":[{"embeddable":true,"href":"https:\/\/sg-blau-gold.de\/en\/wp-json\/wp\/v2\/users\/1"}],"replies":[{"embeddable":true,"href":"https:\/\/sg-blau-gold.de\/en\/wp-json\/wp\/v2\/comments?post=197"}],"version-history":[{"count":4,"href":"https:\/\/sg-blau-gold.de\/en\/wp-json\/wp\/v2\/pages\/197\/revisions"}],"predecessor-version":[{"id":414,"href":"https:\/\/sg-blau-gold.de\/en\/wp-json\/wp\/v2\/pages\/197\/revisions\/414"}],"wp:attachment":[{"href":"https:\/\/sg-blau-gold.de\/en\/wp-json\/wp\/v2\/media?parent=197"}],"curies":[{"name":"wp","href":"https:\/\/api.w.org\/{rel}","templated":true}]}}