{"id":70,"date":"2025-02-02T12:50:41","date_gmt":"2025-02-02T11:50:41","guid":{"rendered":"http:\/\/localhost:10038\/?page_id=70"},"modified":"2025-11-19T19:23:17","modified_gmt":"2025-11-19T18:23:17","slug":"mitgliedschaft","status":"publish","type":"page","link":"https:\/\/sg-blau-gold.de\/en\/ueber-uns\/mitgliedschaft\/","title":{"rendered":"Membership fees &amp; application form"},"content":{"rendered":"<h2 class=\"wp-block-heading\">Overview of membership fees<\/h2>\n\n\n\n<p><\/p>\n\n\n\n<p><\/p>\n\n\n\n<p>In der folgenden Tabelle findest du eine \u00dcbersicht der monatlich anfallenden Beitr\u00e4ge, je nach Sportart und Status:<\/p>\n\n\n\n<figure class=\"wp-block-table\"><table class=\"has-fixed-layout\"><tbody><tr><td><\/td><td><strong>Adults<\/strong><\/td><td><strong>Teenagers&nbsp;<em>14-18 years old<\/em><\/strong><\/td><td><strong>Kids&nbsp;<em>up to 14 years old<\/em><\/strong><\/td><td><strong>Family<\/strong><\/td><td><strong>Passive<\/strong><\/td><\/tr><tr><td><strong>Badminton<\/strong><\/td><td>16 \u20ac<\/td><td>12 \u20ac<\/td><td>9 \u20ac<\/td><td>32 \u20ac<\/td><td>3 \u20ac<\/td><\/tr><tr><td><strong>Basketball<\/strong><\/td><td>11 \u20ac<\/td><td>9 \u20ac<\/td><td>7 \u20ac<\/td><td>22 \u20ac<\/td><td>3 \u20ac<\/td><\/tr><tr><td><strong style=\"white-space: normal;\">Swimming<\/strong><\/td><td>16 \u20ac<\/td><td>15 \u20ac<\/td><td>14 \u20ac<\/td><td>32 \u20ac<\/td><td>3 \u20ac<\/td><\/tr><tr><td><strong>Table tennis<\/strong><\/td><td>13 \u20ac<\/td><td>11 \u20ac<\/td><td>9 \u20ac<\/td><td>26 \u20ac<\/td><td>3 \u20ac<\/td><\/tr><tr><td><strong>Gymnastics<\/strong><\/td><td>12 \u20ac<\/td><td>10 \u20ac<\/td><td>8 \u20ac<\/td><td>24 \u20ac<\/td><td>3 \u20ac<\/td><\/tr><tr><td><strong>Water aerobics<\/strong><\/td><td>15 \u20ac<\/td><td>14 \u20ac<\/td><td>13 \u20ac<\/td><td>30 \u20ac<\/td><td>3 \u20ac<\/td><\/tr><\/tbody><\/table><\/figure>\n\n\n\n<p>Pupil and students over the age of 18 pay the youth membership fee upon presentation of a school ID or university enrollment certificate. Without the appropriate proof, the adult membership fee must be paid. If the membership administration does not receive the certificate in time, the membership will automatically be converted to the adult membership fee.<\/p>\n\n\n\n<p>Die Aufnahmegeb\u00fchr betr\u00e4gt einheitlich und einmalig 10,00 \u20ac f\u00fcr Erwachsene, Jugendliche und Kinder. Beitragszahlungen sind nur mittels Einzugsverfahren (s. Einzugserm\u00e4chtigung) m\u00f6glich. Eine K\u00fcndigung kann zum 30.06. oder 31.12. eines Jahres schriftlich unter Einhaltung einer Frist von 6 Wochen erfolgen.<\/p>\n\n\n\n<p>The complete club constitution can be found at <a href=\"https:\/\/www.sg-blau-gold.de\/de\/weiteres\/diverses\/satzung\"><strong><span style=\"text-decoration: underline;\">Statutes<\/span><\/strong><\/a> .<\/p>\n\n\n\n<p><\/p>\n\n\n\n<p><\/p>\n\n\n\n<h2 class=\"wp-block-heading\">Download membership application form<\/h2>\n\n\n\n<p><\/p>\n\n\n\n<p>Membership application form in German:<\/p>\n\n\n\n<div class=\"wp-block-buttons is-content-justification-left is-layout-flex wp-container-core-buttons-is-layout-fdcfc74e wp-block-buttons-is-layout-flex\">\n<div class=\"wp-block-button is-style-outline is-style-outline--1\"><a class=\"wp-block-button__link wp-element-button\" href=\"https:\/\/sg-blau-gold.de\/wp-content\/uploads\/2025\/05\/Aufnahmeantrag-05.2025.pdf\">\ud83c\udde9\ud83c\uddea Aufnahmeantrag herunterladen<\/a><\/div>\n<\/div>\n\n\n\n<p><\/p>\n\n\n\n<p><\/p>\n\n\n\n<p>Membership application form in English:<\/p>\n\n\n\n<div class=\"wp-block-buttons is-layout-flex wp-block-buttons-is-layout-flex\">\n<div class=\"wp-block-button is-style-outline is-style-outline--2\"><a class=\"wp-block-button__link has-text-align-left wp-element-button\" href=\"https:\/\/sg-blau-gold.de\/wp-content\/uploads\/2025\/10\/Aufnahmeantrag-ab-01.07.2024-en1-1.pdf\">\ud83c\uddec\ud83c\udde7 Download Membership Application<\/a><\/div>\n<\/div>\n\n\n\n<p><\/p>","protected":false},"excerpt":{"rendered":"<p>\u00dcbersicht der Mitgliedsbeitr\u00e4ge In der folgenden Tabelle findest du eine \u00dcbersicht der monatlich anfallenden Beitr\u00e4ge, je nach Sportart und Status: Erwachsene Jugendliche&nbsp;14-18 J. Kinder&nbsp;bis 14J Familie Passiv Badminton 16 \u20ac 12 \u20ac 9 \u20ac 32 \u20ac 3 \u20ac Basketball 11 \u20ac 9 \u20ac 7 \u20ac 22 \u20ac 3 \u20ac Schwimmen 16 \u20ac 15 \u20ac 14 [&hellip;]<\/p>\n","protected":false},"author":2,"featured_media":0,"parent":197,"menu_order":1,"comment_status":"closed","ping_status":"closed","template":"","meta":{"footnotes":""},"class_list":["post-70","page","type-page","status-publish","hentry"],"_links":{"self":[{"href":"https:\/\/sg-blau-gold.de\/en\/wp-json\/wp\/v2\/pages\/70","targetHints":{"allow":["GET"]}}],"collection":[{"href":"https:\/\/sg-blau-gold.de\/en\/wp-json\/wp\/v2\/pages"}],"about":[{"href":"https:\/\/sg-blau-gold.de\/en\/wp-json\/wp\/v2\/types\/page"}],"author":[{"embeddable":true,"href":"https:\/\/sg-blau-gold.de\/en\/wp-json\/wp\/v2\/users\/2"}],"replies":[{"embeddable":true,"href":"https:\/\/sg-blau-gold.de\/en\/wp-json\/wp\/v2\/comments?post=70"}],"version-history":[{"count":19,"href":"https:\/\/sg-blau-gold.de\/en\/wp-json\/wp\/v2\/pages\/70\/revisions"}],"predecessor-version":[{"id":626,"href":"https:\/\/sg-blau-gold.de\/en\/wp-json\/wp\/v2\/pages\/70\/revisions\/626"}],"up":[{"embeddable":true,"href":"https:\/\/sg-blau-gold.de\/en\/wp-json\/wp\/v2\/pages\/197"}],"wp:attachment":[{"href":"https:\/\/sg-blau-gold.de\/en\/wp-json\/wp\/v2\/media?parent=70"}],"curies":[{"name":"wp","href":"https:\/\/api.w.org\/{rel}","templated":true}]}}