{"id":8,"date":"2025-02-02T08:16:16","date_gmt":"2025-02-02T08:16:16","guid":{"rendered":"http:\/\/localhost:10038\/?page_id=3"},"modified":"2025-11-27T14:21:09","modified_gmt":"2025-11-27T13:21:09","slug":"datenschutz","status":"publish","type":"page","link":"https:\/\/sg-blau-gold.de\/en\/ueber-uns\/datenschutz\/","title":{"rendered":"Privacy Policy"},"content":{"rendered":"<section  class='av_textblock_section av-m6nlqa85-b4ef32c208481d9ed6e2f376ef5bcf9f'   itemscope=\"itemscope\" itemtype=\"https:\/\/schema.org\/CreativeWork\" ><div class='avia_textblock'  itemprop=\"text\" ><h1 class=\"p1\"><b>Datenschutzerkl\u00e4rung Sportgemeinschaft SG-Blau-Gold <\/b>(Stand 12.08.2025)<\/h1>\n<h2 class=\"p2\"><b>Allgemeine Hinweise und Pflichtinformationen<\/b><\/h2>\n<p class=\"p3\">Die Rechtsgrundlage der Datenverarbeitung auf dieser Homepage ist Art. 6 Abs. 1 <span class=\"s1\">Datenschutz-<\/span><\/p>\n<p class=\"p4\">Grundverordnung (<span class=\"s2\">DSGVO).<\/span><\/p>\n<p class=\"p4\"><b>Verantwortliche Stelle<\/b><\/p>\n<p class=\"p4\">Verantwortlicher f\u00fcr die Datenverarbeitung auf dieser Webseite im Sinne der DSGVO sowie des<\/p>\n<p class=\"p4\">Bundesdatenschutzgesetz (BDSG neu) jeweils in aktueller Fassung ist die:<\/p>\n<p class=\"p4\"><b>SG Blau-Gold Braunschweig<\/b><\/p>\n<p class=\"p4\">vertreten durch die\/den:<\/p>\n<p class=\"p4\"><b>1. Vorsitzende(n<\/b>)<\/p>\n<p class=\"p4\">Aktuelle Kontakdaten s. Homepage unter <b>\u201aGesch\u00e4ftsf\u00fchrender Vorstand\u2018.<\/b><\/p>\n<h2 class=\"p4\"><b>Datenschutz und Sicherheit<\/b><\/h2>\n<p class=\"p4\">Bei jedem Zugriff eines Nutzers auf eine Seite unseres Angebots und bei jedem Abruf einer Datei<\/p>\n<p class=\"p4\">werden Zugriffsdaten \u00fcber diesen Vorgang an den Internetprovider \u00fcbertragen und in einer<\/p>\n<p class=\"p4\">Protokolldatei tempor\u00e4r auf den Servern des Providers gespeichert. Das sind im einzelnen:<\/p>\n<p class=\"p4\">&#8211; Referrer URL und Name des Access-\/ Internet-Providers (der Seite, von der der Aufruf erfolgte)<\/p>\n<p class=\"p4\">&#8211; IP-Adresse und<\/p>\n<p class=\"p4\">&#8211; Hostname des zugreifenden Rechners<\/p>\n<p class=\"p4\">&#8211; Datum und Uhrzeit der Serveranfrage<\/p>\n<p class=\"p4\">&#8211; Namen und Internetadresse abgerufener Dateien<\/p>\n<p class=\"p4\">&#8211; Browsertyp und Browserversion<\/p>\n<p class=\"p4\">&#8211; verwendetes Betriebssystem<\/p>\n<p class=\"p4\">Aus Sicherheitsgr\u00fcnden zum Schutz der \u00dcbertragung vertraulicher Inhalte nutzt diese Webseite eine<\/p>\n<p class=\"p4\">SSL- bzw. TLS-Verschl\u00fcsselung. Eine sichere verschl\u00fcsselte Verbindung ist in der Adresszeile des<\/p>\n<p class=\"p4\">Browsers am Pr\u00e4fix \u201chttps:\/\/\u201d zu erkennen.<\/p>\n<p class=\"p3\">Um die Nutzerdaten gegen zuf\u00e4llige oder vors\u00e4tzliche Manipulationen oder gegen den unbefugten<\/p>\n<p class=\"p3\">Zugriff Dritter zu sch\u00fctzen, kommen dar\u00fcber hinaus im Zugriffsbereich geeignete technische und<\/p>\n<p class=\"p3\">organisatorische Sicherheitsma\u00dfnahmen zum Einsatz.<\/p>\n<p class=\"p4\"><b>Mit Nutzung unserer Homepage erteilt der Nutzer dem Herausgeber die freiwillige Einwilligung<\/b><\/p>\n<p class=\"p4\"><b>gem. Art. 6 Abs. 1 Satz 1 a) DSGVO zur Daten\u00fcbermittlung.<\/b><\/p>\n<h4 class=\"p4\"><b>Cookies<\/b><\/h4>\n<p class=\"p4\">Die SG-Blau-Gold verwendet keinerlei Cookies auf der Internetseite.<\/p>\n<h4 class=\"p4\"><b>Links zu anderen Websites<\/b><\/h4>\n<p class=\"p4\">Unser Online-Angebot enth\u00e4lt diverse Links zu anderen Websites, insbesondere zu<br \/>\n&#8211; Google Maps (f\u00fcr die vereinfachte Adressfindung bzw. Navigation zur jeweiligen Sportst\u00e4tte) sowie<br \/>\n&#8211; den Webdesignern kriesi.at und huesig-marketing.de.<\/p>\n<h4 class=\"p4\"><b>Personenbezogene Daten und Rechte<\/b><\/h4>\n<p class=\"p4\">Die SG-Blau-Gold h\u00e4lt die DSGVO sowie das BDSG ein.<\/p>\n<p class=\"p4\">Die Erhebung, Verarbeitung und Nutzung personenbezogener Daten (wozu auch die IP-Adresse geh\u00f6rt) erfolgt ausschlie\u00dflich f\u00fcr eigene Zwecke (Nutzung dieser Homepage, berechtigtes Interesse) und zur Erf\u00fcllung satzungsgem\u00e4\u00dfer Aufgaben.<\/p>\n<p class=\"p3\">S\u00e4mtliche erhobene Daten und Informationen werden nicht genutzt, um den Nutzer dieser Homepage pers\u00f6nlich zu identifizieren.<\/p>\n<p class=\"p4\">Unter den eingangs angegebenen Kontaktdaten der verantwortlichen Stelle k\u00f6nnen jederzeit und unentgeltlich die folgenden Rechte bez\u00fcglich personenbezogener Daten ausge\u00fcbt werden:<\/p>\n<p class=\"p4\">das Recht auf<\/p>\n<p class=\"p4\">&#8211; Auskunft \u00fcber die bei uns gespeicherten Kategorien von Daten und deren Verarbeitungszwecksowie die Kategorien von Empf\u00e4ngern und die Speicherdauer<\/p>\n<p class=\"p4\">&#8211; Berichtigung<\/p>\n<p class=\"p4\">&#8211; L\u00f6schung<\/p>\n<p class=\"p4\">&#8211; Einschr\u00e4nkung der Verarbeitung<\/p>\n<p class=\"p4\">&#8211; Widerspruch gegen die Verarbeitung mit Wirkung f\u00fcr die Zukunft<\/p>\n<p class=\"p4\">&#8211; Daten\u00fcbertragbarkeit in g\u00e4ngigem elektronischen Format an den Nutzer selbst oder Dritte<\/p>\n<p class=\"p4\">&#8211; Beschwerde bei der zust\u00e4ndigen Aufsichtsbeh\u00f6rde<\/p>\n<p class=\"p4\">Dar\u00fcber hinaus besteht ein <b>Widerspruchsrecht nach Artikel <\/b>21 DSGVO<\/p>\n<p class=\"p5\">Es besteht das Recht auf Widerspruch gegen die Verarbeitung Ihrer Daten aus Gr\u00fcnden einer besonderen<\/p>\n<p class=\"p5\">pers\u00f6nlichen Situation (z. B. missbr\u00e4uchliche Verarbeitung wie Profiling).<\/p>\n<p class=\"p4\"><b>Der jeweilige Antrag bedarf der Schriftform.<\/b><\/p>\n<p class=\"p4\">Es besteht das Recht auf Beschwerde bei der zust\u00e4ndigen Aufsichtsbeh\u00f6rde\/ Datenschutzbeh\u00f6rde (s.u.), wenn die betroffene Person der Ansicht ist, dass die Verarbeitung der sie betreffenden Daten gegen die DSGVO verst\u00f6\u00dft.<\/p>\n<p class=\"p4\">Der Antrag ist zu richten an:<\/p>\n<p class=\"p4\"><b>Die\/den Landesbeauftragte(n) f\u00fcr den Datenschutz Niedersachsen<\/b><\/p>\n<p class=\"p4\">Prinzenstra\u00dfe 5<\/p>\n<p class=\"p4\">30159 Hannover<\/p>\n<\/div><\/section>","protected":false},"excerpt":{"rendered":"","protected":false},"author":2,"featured_media":0,"parent":197,"menu_order":3,"comment_status":"closed","ping_status":"closed","template":"","meta":{"footnotes":""},"class_list":["post-8","page","type-page","status-publish","hentry"],"_links":{"self":[{"href":"https:\/\/sg-blau-gold.de\/en\/wp-json\/wp\/v2\/pages\/8","targetHints":{"allow":["GET"]}}],"collection":[{"href":"https:\/\/sg-blau-gold.de\/en\/wp-json\/wp\/v2\/pages"}],"about":[{"href":"https:\/\/sg-blau-gold.de\/en\/wp-json\/wp\/v2\/types\/page"}],"author":[{"embeddable":true,"href":"https:\/\/sg-blau-gold.de\/en\/wp-json\/wp\/v2\/users\/2"}],"replies":[{"embeddable":true,"href":"https:\/\/sg-blau-gold.de\/en\/wp-json\/wp\/v2\/comments?post=8"}],"version-history":[{"count":4,"href":"https:\/\/sg-blau-gold.de\/en\/wp-json\/wp\/v2\/pages\/8\/revisions"}],"predecessor-version":[{"id":629,"href":"https:\/\/sg-blau-gold.de\/en\/wp-json\/wp\/v2\/pages\/8\/revisions\/629"}],"up":[{"embeddable":true,"href":"https:\/\/sg-blau-gold.de\/en\/wp-json\/wp\/v2\/pages\/197"}],"wp:attachment":[{"href":"https:\/\/sg-blau-gold.de\/en\/wp-json\/wp\/v2\/media?parent=8"}],"curies":[{"name":"wp","href":"https:\/\/api.w.org\/{rel}","templated":true}]}}